{"id":27026,"date":"2023-10-13T10:22:26","date_gmt":"2023-10-13T08:22:26","guid":{"rendered":"https:\/\/cri.it\/abruzzo\/?page_id=27026"},"modified":"2023-10-13T16:49:01","modified_gmt":"2023-10-13T14:49:01","slug":"privacy","status":"publish","type":"page","link":"https:\/\/cri.it\/abruzzo\/privacy\/","title":{"rendered":"PRIVACY"},"content":{"rendered":"\t\t<div data-elementor-type=\"wp-page\" data-elementor-id=\"27026\" class=\"elementor elementor-27026\">\n\t\t\t\t\t\t<section class=\"elementor-section elementor-top-section elementor-element elementor-element-f69c6ab elementor-section-boxed elementor-section-height-default elementor-section-height-default\" data-id=\"f69c6ab\" data-element_type=\"section\" data-e-type=\"section\">\n\t\t\t\t\t\t<div class=\"elementor-container elementor-column-gap-default\">\n\t\t\t\t\t<div class=\"elementor-column elementor-col-100 elementor-top-column elementor-element elementor-element-9ef1368\" data-id=\"9ef1368\" data-element_type=\"column\" data-e-type=\"column\">\n\t\t\t<div class=\"elementor-widget-wrap elementor-element-populated\">\n\t\t\t\t\t\t<div class=\"elementor-element elementor-element-9bc767e elementor-widget elementor-widget-text-editor\" data-id=\"9bc767e\" data-element_type=\"widget\" data-e-type=\"widget\" data-widget_type=\"text-editor.default\">\n\t\t\t\t<div class=\"elementor-widget-container\">\n\t\t\t\t\t\t\t\t\t<section class=\"elementor-section elementor-top-section elementor-element elementor-element-882e7e4 elementor-section-boxed elementor-section-height-default elementor-section-height-default\" data-id=\"882e7e4\" data-element_type=\"section\"><div class=\"elementor-container elementor-column-gap-default\"><div class=\"elementor-row\"><div class=\"elementor-column elementor-col-100 elementor-top-column elementor-element elementor-element-bb30b73\" data-id=\"bb30b73\" data-element_type=\"column\"><div class=\"elementor-column-wrap elementor-element-populated\"><div class=\"elementor-widget-wrap\"><div class=\"elementor-element elementor-element-2e0aee3 elementor-widget elementor-widget-heading\" data-id=\"2e0aee3\" data-element_type=\"widget\" data-widget_type=\"heading.default\"><div class=\"elementor-widget-container\"><h3 class=\"elementor-heading-title elementor-size-default\">Informativa sul trattamento dei dati<\/h3><\/div><\/div><\/div><\/div><\/div><\/div><\/div><\/section><section class=\"elementor-section elementor-top-section elementor-element elementor-element-d1d10ce elementor-section-boxed elementor-section-height-default elementor-section-height-default\" data-id=\"d1d10ce\" data-element_type=\"section\"><div class=\"elementor-container elementor-column-gap-default\"><div class=\"elementor-row\"><div class=\"elementor-column elementor-col-100 elementor-top-column elementor-element elementor-element-3c75e29\" data-id=\"3c75e29\" data-element_type=\"column\"><div class=\"elementor-column-wrap elementor-element-populated\"><div class=\"elementor-widget-wrap\"><div class=\"elementor-element elementor-element-ae84448 elementor-widget elementor-widget-text-editor\" data-id=\"ae84448\" data-element_type=\"widget\" data-widget_type=\"text-editor.default\"><div class=\"elementor-widget-container\"><div class=\"elementor-text-editor elementor-clearfix\"><p>La presente informativa \u00e8 redatta ai sensi dell\u2019art. 13 del Regolamento (UE) n. 679\/2016 (di seguito, per brevit\u00e0 GDPR) in materia di protezione delle persone fisiche relativamente al trattamento dei dati personali.<\/p><p>In questa pagina si descrivono le modalit\u00e0 di gestione del sito<span>\u00a0<\/span><a href=\"http:\/\/cri.it\/\">www.cri.it<\/a><span>\u00a0<\/span>in riferimento al trattamento dei dati personali degli utenti che lo consultano e a coloro che interagiscono con i servizi web della CRI, accessibili per via telematica a partire dall\u2019indirizzo<span>\u00a0<\/span><a href=\"http:\/\/cri.it\/\">www.cri.it<\/a>, corrispondente alla pagina iniziale del sito ufficiale dell\u2019Associazione della Croce Rossa Italiana \u2013 ODV.<\/p><p>La presente informativa \u00e8 resa solo per il sito<span>\u00a0<\/span><a href=\"http:\/\/cri.it\/\">www.cri.it<\/a><span>\u00a0<\/span>e non anche per gli altri siti web eventualmente consultati dall\u2019utente tramite link.<\/p><p><strong>Definizioni<\/strong><\/p><p>Al fine di agevolare la comprensione della presente Informativa, si riportano le seguenti definizioni (art. 4 GDPR):<\/p><p>\u201c<strong>trattamento<\/strong>\u201d: qualsiasi operazione o insieme di operazioni, compiute con o senza l\u2019ausilio di processi automatizzati e applicate a dati personali o insieme di dati personali come la raccolta, la registrazione, l\u2019organizzazione, la strutturazione, la conservazione, l\u2019adattamento o la modifica, l\u2019estrazione, la consultazione, l\u2019uso, la comunicazione mediante trasmissione, diffusione o qualsiasi altra forma di messa a disposizione, il raffronto o l\u2019interconnessione, la limitazione, la cancellazione o la distruzione;<\/p><p>\u201c<strong>dato personale<\/strong>\u201d: qualsiasi informazione, riguardante una persona fisica indentificata o identificabile (\u201cinteressato\u201d); si considera identificabile la persona fisica che pu\u00f2 essere identificata, direttamente o indirettamente, con particolare riferimento a un identificativo come il nome, un numero di identificazione, dati relativi all\u2019ubicazione, un identificativo online o a uno o pi\u00f9 elementi caratteristici della sua identit\u00e0 fisica, fisiologica, genetica, psichica, economica, culturale o sociale;<\/p><p>le cc.dd. \u201c<strong>categorie particolari di dati personali<\/strong>\u201d : i dati personali inerenti l\u2019origine razziale o etnica, le opinioni politiche, le convinzioni religiose o filosofiche, o l\u2019appartenenza sindacale, nonch\u00e9 dati genetici, dati biometrici intesi a identificare in modo univoco una persona fisica, dati relativi alla salute o alla vita sessuale o all\u2019orientamento sessuale della persona. Nello specifico:<\/p><p>\u201c<strong>dati genetici<\/strong>\u201d: i dati personali relativi alle caratteristiche genetiche ereditarie o acquisite di una persona che forniscono informazioni univoche sulla fisiologia o sulla salute di detta persona fisica, e che risultano in particolare dall\u2019analisi di un campione biologico della persona fisica in questione;<\/p><p>\u201c<strong>dati biometrici<\/strong>\u201d: i dati personali ottenuti da un trattamento tecnico specifico relativi alle caratteristiche fisiche, fisiologiche o comportamentali di una persona fisica che ne consentono o confermano l\u2019identificazione univoca, quali l\u2019immagine facciale o i dati dattiloscopici;<\/p><p>\u201c<strong>dati relativi alla salute<\/strong>\u201d: i dati personali attinenti alla salute fisica o mentale di una persona fisica, compresa la prestazione di servizi di assistenza sanitaria, che rivelano informazioni relative al suo stato di salute.<\/p><p>\u201c<strong>titolare del trattamento<\/strong>\u201d: la persona fisica o giuridica, l\u2019autorit\u00e0 pubblica, il servizio o altro organismo che tratta i dati personali per conto del titolare.<\/p><p>Associazione della Croce Rossa Italiana \u2013 ODV, nella qualit\u00e0 di Titolare del trattamento dei Suoi dati personali, ai sensi e per gli effetti del GDPR, con la presente La informa che la citata normativa prevede la tutela degli interessati rispetto al trattamento dei dati personali e che tale trattamento sar\u00e0 improntato ai principi di correttezza, liceit\u00e0, trasparenza e di tutela della Sua riservatezza e dei Suoi diritti.<\/p><p>I Suoi dati personali verranno trattati in accordo alle disposizioni legislative della normativa sopra richiamata e degli obblighi di riservatezza ivi previsti.<\/p><p><strong>Finalit\u00e0 di trattamento<\/strong>. I Suoi dati (dati anagrafici, recapiti telefonici, indirizzi \u2013 anche telematici -, numeri di identificazione, istruzione e occupazione, indirizzo ip, cookie) verranno trattati al fine di garantire la corretta erogazione dei servizi richiesti; per finalit\u00e0 di tipo amministrativo e contabile; per adempiere ad obblighi di legge o regolamenti in vigore; per adempiere ad obblighi contrattuali o a misure precontrattuali. Specifiche informative di sintesi, predisposte per particolari servizi, vengono riportate nelle pagine del sito. I dati potranno essere trattati solo con il Suo consenso ai sensi dell\u2019art. 6 del GDPR per l\u2019erogazione di quei servizi per i quali esso \u00e8 condizione necessaria. L\u2019eventuale non comunicazione, comunicazione errata, di una delle informazioni necessarie, pu\u00f2 causare l\u2019impossibilit\u00e0 del Titolare di garantire la congruit\u00e0 del trattamento stesso. I Suoi dati saranno trattati unicamente da personale espressamente autorizzato dal Titolare.<\/p><p>L\u2019invio facoltativo, esplicito o volontario dei dati personali \u2013 anche tramite posta elettronica \u2013 agli indirizzi indicati su questo sito, comporta la successiva e necessaria acquisizione dell\u2019indirizzo del mittente \u2013 nonch\u00e9 degli altri eventuali dati inseriti nella missiva \u2013 al fine di rispondere alle richieste e, pertanto, per perseguire un legittimo interesse dell\u2019Associazione.<\/p><p><strong>Comunicazione<\/strong>. I Suoi dati personali non saranno diffusi a terzi se non per l\u2019erogazione del servizio o della prestazione richiesta.<\/p><p><strong>Modalit\u00e0 di trattamento.<span>\u00a0<\/span><\/strong>I Suoi dati verranno trattati con garanzie adeguate, nei casi in cui \u00e8 opportuno tutelare i diritti e le libert\u00e0 dell\u2019interessato, anche mediante l\u2019omissione delle Sue generalit\u00e0. I dati sono trattati con strumenti elettronici o comunque automatizzati o in formato cartaceo, secondo le modalit\u00e0 e con gli strumenti idonei a garantire la sicurezza e la riservatezza dei dati stessi, in conformit\u00e0 al GDPR e alla normativa applicabile.<\/p><p><strong>Periodo di conservazione<\/strong>. Le segnaliamo che, nel rispetto dei principi di liceit\u00e0, di limitazione delle finalit\u00e0 e di minimizzazione dei dati, ai sensi dell\u2019art. 5 del GDPR, il periodo di conservazione dei Suoi dati personali \u00e8 stabilito per il solo tempo necessario a garantire la corretta prestazione dei servizi offerti.<\/p><p><strong>Revoca del consenso.<span>\u00a0<\/span><\/strong>In qualsiasi momento, Lei potr\u00e0 revocare il consenso al trattamento dei dati, purch\u00e8 ci\u00f2 non pregiudichi la liceit\u00e0 del trattamento.<\/p><p><strong>Titolare del trattamento<\/strong>. Il titolare del trattamento dei dati, ai sensi della Legge \u00e8 l\u2019Associazione della Croce Rossa Italiana (Via Bernardino Ramazzini, 31, 00151 Roma (ROMA); email:<span>\u00a0<\/span><a href=\"mailto:sg@cri.it\">sg@cri.it<\/a>; telefono + 39 06 55.100.500; P. Iva: 13669721006) nella persona di Rosario Valastro.<\/p><p>Il responsabile della protezione dei dati (<strong>DPO<\/strong>) designato dal titolare ai sensi dell\u2019art. 37 del GDPR \u00e8 l\u2019Avv. Sandro Di Minco (e-mail:<span>\u00a0<\/span><a href=\"mailto:dpo.privacy@cri.it\">dpo.privacy@cri.it<\/a>; PEC: dpo.privacy@cert.cri.it).<\/p><p>Lei ha diritto di ottenere dal Titolare l\u2019accesso ai dati personali che lo riguardano e alle informazioni afferenti la finalit\u00e0 del trattamento, le categorie dei dati personali trattati, i destinatari o le categorie di destinatari a cui i dati personali sono stati o saranno comunicati, il periodo di conservazione dei dati, l\u2019esercizio dei diritti previsti dal GDPR, l\u2019esistenza di un processo decisionale automatizzato (Art. 15); la cancellazione (diritto all\u2019oblio) e la rettifica dei dati personali (Artt 16 e 17); la limitazione di trattamento dei dati (Art. 18), l\u2019aggiornamento (Art. 16), la portabilit\u00e0 (Art. 20), l\u2019opposizione al trattamento dei dati personali che La riguardano (Art. 21), nonch\u00e9 in generale pu\u00f2 esercitare tutti i diritti previsti dal GDPR. Le richieste potranno pervenire anche via email all\u2019indirizzo privacy@cri.it<\/p><p>Lei ha altres\u00ec il diritto di proporre reclamo all\u2019Autorit\u00e0 Garante per la protezione dei dati personali, contattabile al sito web\u00a0<a href=\"http:\/\/www.garanteprivacy.it\/\" rel=\"noopener\" target=\"_blank\">http:\/\/www.garanteprivacy.it\/<\/a>.<\/p><\/div><\/div><\/div><\/div><\/div><\/div><\/div><\/div><\/section>\t\t\t\t\t\t\t\t<\/div>\n\t\t\t\t<\/div>\n\t\t\t\t\t<\/div>\n\t\t<\/div>\n\t\t\t\t\t<\/div>\n\t\t<\/section>\n\t\t\t\t<\/div>\n\t\t","protected":false},"excerpt":{"rendered":"<p>Informativa sul trattamento dei dati La presente informativa \u00e8 redatta ai sensi dell\u2019art. 13 del Regolamento (UE) n. 679\/2016 (di seguito, per brevit\u00e0 GDPR) in materia di protezione delle persone fisiche relativamente al trattamento dei dati personali.In questa pagina si descrivono le modalit\u00e0 di gestione del sito\u00a0www.cri.it\u00a0in riferimento al trattamento [&hellip;]<\/p>\n","protected":false},"author":112,"featured_media":26106,"parent":0,"menu_order":0,"comment_status":"closed","ping_status":"closed","template":"","meta":{"_themeisle_gutenberg_block_has_review":false,"footnotes":""},"categories":[],"tags":[],"class_list":["post-27026","page","type-page","status-publish","has-post-thumbnail","hentry"],"_links":{"self":[{"href":"https:\/\/cri.it\/abruzzo\/wp-json\/wp\/v2\/pages\/27026","targetHints":{"allow":["GET"]}}],"collection":[{"href":"https:\/\/cri.it\/abruzzo\/wp-json\/wp\/v2\/pages"}],"about":[{"href":"https:\/\/cri.it\/abruzzo\/wp-json\/wp\/v2\/types\/page"}],"author":[{"embeddable":true,"href":"https:\/\/cri.it\/abruzzo\/wp-json\/wp\/v2\/users\/112"}],"replies":[{"embeddable":true,"href":"https:\/\/cri.it\/abruzzo\/wp-json\/wp\/v2\/comments?post=27026"}],"version-history":[{"count":3,"href":"https:\/\/cri.it\/abruzzo\/wp-json\/wp\/v2\/pages\/27026\/revisions"}],"predecessor-version":[{"id":27048,"href":"https:\/\/cri.it\/abruzzo\/wp-json\/wp\/v2\/pages\/27026\/revisions\/27048"}],"wp:featuredmedia":[{"embeddable":true,"href":"https:\/\/cri.it\/abruzzo\/wp-json\/wp\/v2\/media\/26106"}],"wp:attachment":[{"href":"https:\/\/cri.it\/abruzzo\/wp-json\/wp\/v2\/media?parent=27026"}],"wp:term":[{"taxonomy":"category","embeddable":true,"href":"https:\/\/cri.it\/abruzzo\/wp-json\/wp\/v2\/categories?post=27026"},{"taxonomy":"post_tag","embeddable":true,"href":"https:\/\/cri.it\/abruzzo\/wp-json\/wp\/v2\/tags?post=27026"}],"curies":[{"name":"wp","href":"https:\/\/api.w.org\/{rel}","templated":true}]}}